{"id":3555,"date":"2014-01-22T11:26:57","date_gmt":"2014-01-22T11:26:57","guid":{"rendered":"http:\/\/www.surfski.pl\/blog\/?page_id=3555"},"modified":"2015-05-12T15:38:23","modified_gmt":"2015-05-12T15:38:23","slug":"lanzarote-el-golfo-zdjecia-atrakcje","status":"publish","type":"page","link":"https:\/\/www.surfski.pl\/blog\/lanzarote-el-golfo-zdjecia-atrakcje\/","title":{"rendered":"El Golfo"},"content":{"rendered":"<p>&nbsp;<\/p>\n<p style=\"text-align: justify;\"><span style=\"color: #000000;\"><strong>El Golfo<\/strong><\/span><\/p>\n<p style=\"text-align: justify;\">El Golfo to niewielka rybacka wioska, ale tak\u017ce nazw\u0119 t\u0105 nosi pobliski krater, we wn\u0119trzu kt\u00f3rego uformowa\u0142o si\u0119 g\u0142\u0119bokie jezioro <strong><em>Charco de los Clicos<\/em><\/strong>. <strong><em>Zielone Jeziorko<\/em><\/strong> to unikalny zbiornik wodny w skali ca\u0142ej wyspy o niepowtarzalnej barwie. Sw\u00f3j g\u0142\u0119boki, szmaragdowy kolor, jezioro zawdzi\u0119cza wodzie oceanicznego pochodzenia i \u017cyj\u0105cemu w niej planktonowi. Przez intensywne parowanie, zasolenie jeziorka jest podobno wi\u0119ksze ni\u017c Morza Martwego.<\/p>\n<p>&nbsp;<\/p>\n<p style=\"text-align: justify;\">Niezwyk\u0142e walory wizualne El Golfo doceniaj\u0105 nie tylko tury\u015bci, ale tak\u017ce filmowcy \u2013 by\u0142o ono sceneri\u0105 dla \u201eMilion lat przed nasz\u0105 er\u0105\u201d, czy ostatniej wersji Moby Dicka : \u201eW samym sercu morza\u201d.<\/p>\n<p>&nbsp;<\/p>\n<p><img decoding=\"async\" class=\"alignnone wp-image-1790\" style=\"border: 5px solid white;\" src=\"https:\/\/www.surfski.pl\/blog\/wp-content\/uploads\/2014\/01\/image1891.jpg\" alt=\"Lanzarote - El Golfo - zdj\u0119cia, atrakcje\" width=\"1430\" height=\"804\" srcset=\"https:\/\/www.surfski.pl\/blog\/wp-content\/uploads\/2014\/01\/image1891.jpg 1430w, https:\/\/www.surfski.pl\/blog\/wp-content\/uploads\/2014\/01\/image1891-205x115.jpg 205w, https:\/\/www.surfski.pl\/blog\/wp-content\/uploads\/2014\/01\/image1891-1024x576.jpg 1024w, https:\/\/www.surfski.pl\/blog\/wp-content\/uploads\/2014\/01\/image1891-768x432.jpg 768w, https:\/\/www.surfski.pl\/blog\/wp-content\/uploads\/2014\/01\/image1891-624x351.jpg 624w\" sizes=\"(max-width: 1430px) 100vw, 1430px\" \/><\/p>\n<p>&nbsp;<\/p>\n<p>&nbsp;<\/p>\n<p>&nbsp;<\/p>\n<p><img decoding=\"async\" class=\"alignnone wp-image-1792\" style=\"border: 5px solid white;\" src=\"https:\/\/www.surfski.pl\/blog\/wp-content\/uploads\/2014\/01\/image1911.jpg\" alt=\"Lanzarote - El Golfo - zdj\u0119cia, atrakcje\" width=\"1430\" height=\"804\" srcset=\"https:\/\/www.surfski.pl\/blog\/wp-content\/uploads\/2014\/01\/image1911.jpg 1430w, https:\/\/www.surfski.pl\/blog\/wp-content\/uploads\/2014\/01\/image1911-205x115.jpg 205w, https:\/\/www.surfski.pl\/blog\/wp-content\/uploads\/2014\/01\/image1911-1024x576.jpg 1024w, https:\/\/www.surfski.pl\/blog\/wp-content\/uploads\/2014\/01\/image1911-768x432.jpg 768w, https:\/\/www.surfski.pl\/blog\/wp-content\/uploads\/2014\/01\/image1911-624x351.jpg 624w\" sizes=\"(max-width: 1430px) 100vw, 1430px\" \/><\/p>\n<p>&nbsp;<\/p>\n<p>&nbsp;<\/p>\n<p>&nbsp;<\/p>\n<p><img decoding=\"async\" class=\"alignnone wp-image-1794\" style=\"border: 5px solid white;\" src=\"https:\/\/www.surfski.pl\/blog\/wp-content\/uploads\/2014\/01\/image1931.jpg\" alt=\"Lanzarote - El Golfo - zdj\u0119cia, atrakcje\" width=\"1430\" height=\"804\" srcset=\"https:\/\/www.surfski.pl\/blog\/wp-content\/uploads\/2014\/01\/image1931.jpg 1430w, https:\/\/www.surfski.pl\/blog\/wp-content\/uploads\/2014\/01\/image1931-205x115.jpg 205w, https:\/\/www.surfski.pl\/blog\/wp-content\/uploads\/2014\/01\/image1931-1024x576.jpg 1024w, https:\/\/www.surfski.pl\/blog\/wp-content\/uploads\/2014\/01\/image1931-768x432.jpg 768w, https:\/\/www.surfski.pl\/blog\/wp-content\/uploads\/2014\/01\/image1931-624x351.jpg 624w\" sizes=\"(max-width: 1430px) 100vw, 1430px\" \/><\/p>\n<p>&nbsp;<\/p>\n<p>&nbsp;<\/p>\n<h2 style=\"text-align: center;\">Lanzarote &#8211; El Golfo &#8211; zdj\u0119cia, atrakcje<\/h2>\n","protected":false},"excerpt":{"rendered":"<p>&nbsp; El Golfo El Golfo to niewielka rybacka wioska, ale tak\u017ce nazw\u0119 t\u0105 nosi pobliski krater, we wn\u0119trzu kt\u00f3rego uformowa\u0142o si\u0119 g\u0142\u0119bokie jezioro Charco de los Clicos. Zielone Jeziorko to unikalny zbiornik wodny w skali ca\u0142ej wyspy o niepowtarzalnej barwie. Sw\u00f3j g\u0142\u0119boki, szmaragdowy kolor, jezioro zawdzi\u0119cza wodzie oceanicznego pochodzenia i \u017cyj\u0105cemu w niej planktonowi. Przez [&hellip;]<\/p>\n","protected":false},"author":1,"featured_media":0,"parent":0,"menu_order":0,"comment_status":"open","ping_status":"open","template":"","meta":{"footnotes":""},"yoast_head":"<!-- This site is optimized with the Yoast SEO plugin v22.5 - https:\/\/yoast.com\/wordpress\/plugins\/seo\/ -->\n<title>Lanzarote - El Golfo - zdj\u0119cia, atrakcje - biuro podr\u00f3\u017cy<\/title>\n<meta name=\"description\" content=\"Lanzarote - El Golfo - zdj\u0119cia, atrakcje turystyczne,biuro podr\u00f3\u017cy,agencja turystyczna,wyjazdy,zwiedzanie,przewodnik-Lanzarote,szkolenia windsurfing kitesurfing\" \/>\n<meta name=\"robots\" content=\"index, follow, max-snippet:-1, max-image-preview:large, max-video-preview:-1\" \/>\n<link rel=\"canonical\" href=\"https:\/\/www.surfski.pl\/blog\/lanzarote-el-golfo-zdjecia-atrakcje\/\" \/>\n<meta property=\"og:locale\" content=\"pl_PL\" \/>\n<meta property=\"og:type\" content=\"article\" \/>\n<meta property=\"og:title\" content=\"Lanzarote - El Golfo - zdj\u0119cia, atrakcje - biuro podr\u00f3\u017cy\" \/>\n<meta property=\"og:description\" content=\"Lanzarote - El Golfo - zdj\u0119cia, atrakcje turystyczne,biuro podr\u00f3\u017cy,agencja turystyczna,wyjazdy,zwiedzanie,przewodnik-Lanzarote,szkolenia windsurfing kitesurfing\" \/>\n<meta property=\"og:url\" content=\"https:\/\/www.surfski.pl\/blog\/lanzarote-el-golfo-zdjecia-atrakcje\/\" \/>\n<meta property=\"og:site_name\" content=\"SurfSki\" \/>\n<meta property=\"article:modified_time\" content=\"2015-05-12T15:38:23+00:00\" \/>\n<meta property=\"og:image\" content=\"https:\/\/www.surfski.pl\/blog\/wp-content\/uploads\/2014\/01\/image1891.jpg\" \/>\n<meta name=\"twitter:label1\" content=\"Szacowany czas czytania\" \/>\n\t<meta name=\"twitter:data1\" content=\"1 minuta\" \/>\n<script type=\"application\/ld+json\" class=\"yoast-schema-graph\">{\"@context\":\"https:\/\/schema.org\",\"@graph\":[{\"@type\":\"WebPage\",\"@id\":\"https:\/\/www.surfski.pl\/blog\/lanzarote-el-golfo-zdjecia-atrakcje\/\",\"url\":\"https:\/\/www.surfski.pl\/blog\/lanzarote-el-golfo-zdjecia-atrakcje\/\",\"name\":\"Lanzarote - El Golfo - zdj\u0119cia, atrakcje - biuro podr\u00f3\u017cy\",\"isPartOf\":{\"@id\":\"https:\/\/www.surfski.pl\/blog\/#website\"},\"primaryImageOfPage\":{\"@id\":\"https:\/\/www.surfski.pl\/blog\/lanzarote-el-golfo-zdjecia-atrakcje\/#primaryimage\"},\"image\":{\"@id\":\"https:\/\/www.surfski.pl\/blog\/lanzarote-el-golfo-zdjecia-atrakcje\/#primaryimage\"},\"thumbnailUrl\":\"https:\/\/www.surfski.pl\/blog\/wp-content\/uploads\/2014\/01\/image1891.jpg\",\"datePublished\":\"2014-01-22T11:26:57+00:00\",\"dateModified\":\"2015-05-12T15:38:23+00:00\",\"description\":\"Lanzarote - El Golfo - zdj\u0119cia, atrakcje turystyczne,biuro podr\u00f3\u017cy,agencja turystyczna,wyjazdy,zwiedzanie,przewodnik-Lanzarote,szkolenia windsurfing kitesurfing\",\"breadcrumb\":{\"@id\":\"https:\/\/www.surfski.pl\/blog\/lanzarote-el-golfo-zdjecia-atrakcje\/#breadcrumb\"},\"inLanguage\":\"pl-PL\",\"potentialAction\":[{\"@type\":\"ReadAction\",\"target\":[\"https:\/\/www.surfski.pl\/blog\/lanzarote-el-golfo-zdjecia-atrakcje\/\"]}]},{\"@type\":\"ImageObject\",\"inLanguage\":\"pl-PL\",\"@id\":\"https:\/\/www.surfski.pl\/blog\/lanzarote-el-golfo-zdjecia-atrakcje\/#primaryimage\",\"url\":\"https:\/\/www.surfski.pl\/blog\/wp-content\/uploads\/2014\/01\/image1891.jpg\",\"contentUrl\":\"https:\/\/www.surfski.pl\/blog\/wp-content\/uploads\/2014\/01\/image1891.jpg\",\"width\":1430,\"height\":804},{\"@type\":\"BreadcrumbList\",\"@id\":\"https:\/\/www.surfski.pl\/blog\/lanzarote-el-golfo-zdjecia-atrakcje\/#breadcrumb\",\"itemListElement\":[{\"@type\":\"ListItem\",\"position\":1,\"name\":\"Strona g\u0142\u00f3wna\",\"item\":\"https:\/\/www.surfski.pl\/blog\/\"},{\"@type\":\"ListItem\",\"position\":2,\"name\":\"El Golfo\"}]},{\"@type\":\"WebSite\",\"@id\":\"https:\/\/www.surfski.pl\/blog\/#website\",\"url\":\"https:\/\/www.surfski.pl\/blog\/\",\"name\":\"SurfSki\",\"description\":\"Tw\u00f3j Prywatny Instruktor SURFSKI\",\"potentialAction\":[{\"@type\":\"SearchAction\",\"target\":{\"@type\":\"EntryPoint\",\"urlTemplate\":\"https:\/\/www.surfski.pl\/blog\/?s={search_term_string}\"},\"query-input\":\"required name=search_term_string\"}],\"inLanguage\":\"pl-PL\"}]}<\/script>\n<!-- \/ Yoast SEO plugin. -->","yoast_head_json":{"title":"Lanzarote - El Golfo - zdj\u0119cia, atrakcje - biuro podr\u00f3\u017cy","description":"Lanzarote - El Golfo - zdj\u0119cia, atrakcje turystyczne,biuro podr\u00f3\u017cy,agencja turystyczna,wyjazdy,zwiedzanie,przewodnik-Lanzarote,szkolenia windsurfing kitesurfing","robots":{"index":"index","follow":"follow","max-snippet":"max-snippet:-1","max-image-preview":"max-image-preview:large","max-video-preview":"max-video-preview:-1"},"canonical":"https:\/\/www.surfski.pl\/blog\/lanzarote-el-golfo-zdjecia-atrakcje\/","og_locale":"pl_PL","og_type":"article","og_title":"Lanzarote - El Golfo - zdj\u0119cia, atrakcje - biuro podr\u00f3\u017cy","og_description":"Lanzarote - El Golfo - zdj\u0119cia, atrakcje turystyczne,biuro podr\u00f3\u017cy,agencja turystyczna,wyjazdy,zwiedzanie,przewodnik-Lanzarote,szkolenia windsurfing kitesurfing","og_url":"https:\/\/www.surfski.pl\/blog\/lanzarote-el-golfo-zdjecia-atrakcje\/","og_site_name":"SurfSki","article_modified_time":"2015-05-12T15:38:23+00:00","og_image":[{"url":"https:\/\/www.surfski.pl\/blog\/wp-content\/uploads\/2014\/01\/image1891.jpg"}],"twitter_misc":{"Szacowany czas czytania":"1 minuta"},"schema":{"@context":"https:\/\/schema.org","@graph":[{"@type":"WebPage","@id":"https:\/\/www.surfski.pl\/blog\/lanzarote-el-golfo-zdjecia-atrakcje\/","url":"https:\/\/www.surfski.pl\/blog\/lanzarote-el-golfo-zdjecia-atrakcje\/","name":"Lanzarote - El Golfo - zdj\u0119cia, atrakcje - biuro podr\u00f3\u017cy","isPartOf":{"@id":"https:\/\/www.surfski.pl\/blog\/#website"},"primaryImageOfPage":{"@id":"https:\/\/www.surfski.pl\/blog\/lanzarote-el-golfo-zdjecia-atrakcje\/#primaryimage"},"image":{"@id":"https:\/\/www.surfski.pl\/blog\/lanzarote-el-golfo-zdjecia-atrakcje\/#primaryimage"},"thumbnailUrl":"https:\/\/www.surfski.pl\/blog\/wp-content\/uploads\/2014\/01\/image1891.jpg","datePublished":"2014-01-22T11:26:57+00:00","dateModified":"2015-05-12T15:38:23+00:00","description":"Lanzarote - El Golfo - zdj\u0119cia, atrakcje turystyczne,biuro podr\u00f3\u017cy,agencja turystyczna,wyjazdy,zwiedzanie,przewodnik-Lanzarote,szkolenia windsurfing kitesurfing","breadcrumb":{"@id":"https:\/\/www.surfski.pl\/blog\/lanzarote-el-golfo-zdjecia-atrakcje\/#breadcrumb"},"inLanguage":"pl-PL","potentialAction":[{"@type":"ReadAction","target":["https:\/\/www.surfski.pl\/blog\/lanzarote-el-golfo-zdjecia-atrakcje\/"]}]},{"@type":"ImageObject","inLanguage":"pl-PL","@id":"https:\/\/www.surfski.pl\/blog\/lanzarote-el-golfo-zdjecia-atrakcje\/#primaryimage","url":"https:\/\/www.surfski.pl\/blog\/wp-content\/uploads\/2014\/01\/image1891.jpg","contentUrl":"https:\/\/www.surfski.pl\/blog\/wp-content\/uploads\/2014\/01\/image1891.jpg","width":1430,"height":804},{"@type":"BreadcrumbList","@id":"https:\/\/www.surfski.pl\/blog\/lanzarote-el-golfo-zdjecia-atrakcje\/#breadcrumb","itemListElement":[{"@type":"ListItem","position":1,"name":"Strona g\u0142\u00f3wna","item":"https:\/\/www.surfski.pl\/blog\/"},{"@type":"ListItem","position":2,"name":"El Golfo"}]},{"@type":"WebSite","@id":"https:\/\/www.surfski.pl\/blog\/#website","url":"https:\/\/www.surfski.pl\/blog\/","name":"SurfSki","description":"Tw\u00f3j Prywatny Instruktor SURFSKI","potentialAction":[{"@type":"SearchAction","target":{"@type":"EntryPoint","urlTemplate":"https:\/\/www.surfski.pl\/blog\/?s={search_term_string}"},"query-input":"required name=search_term_string"}],"inLanguage":"pl-PL"}]}},"_links":{"self":[{"href":"https:\/\/www.surfski.pl\/blog\/wp-json\/wp\/v2\/pages\/3555"}],"collection":[{"href":"https:\/\/www.surfski.pl\/blog\/wp-json\/wp\/v2\/pages"}],"about":[{"href":"https:\/\/www.surfski.pl\/blog\/wp-json\/wp\/v2\/types\/page"}],"author":[{"embeddable":true,"href":"https:\/\/www.surfski.pl\/blog\/wp-json\/wp\/v2\/users\/1"}],"replies":[{"embeddable":true,"href":"https:\/\/www.surfski.pl\/blog\/wp-json\/wp\/v2\/comments?post=3555"}],"version-history":[{"count":8,"href":"https:\/\/www.surfski.pl\/blog\/wp-json\/wp\/v2\/pages\/3555\/revisions"}],"predecessor-version":[{"id":13167,"href":"https:\/\/www.surfski.pl\/blog\/wp-json\/wp\/v2\/pages\/3555\/revisions\/13167"}],"wp:attachment":[{"href":"https:\/\/www.surfski.pl\/blog\/wp-json\/wp\/v2\/media?parent=3555"}],"curies":[{"name":"wp","href":"https:\/\/api.w.org\/{rel}","templated":true}]}}